{"id":10,"date":"2011-03-29T11:56:40","date_gmt":"2011-03-29T09:56:40","guid":{"rendered":"https:\/\/blogs.infobenissa.com\/carlosfont\/?page_id=10"},"modified":"2011-03-29T11:56:40","modified_gmt":"2011-03-29T09:56:40","slug":"maltracte-a-les-dones","status":"publish","type":"page","link":"https:\/\/blogs.infobenissa.com\/carlosfont\/maltracte-a-les-dones\/","title":{"rendered":"Maltracte a les dones"},"content":{"rendered":"<div>\n<h1 id=\"pageLogo\"><a title=\"Inicio\" href=\"http:\/\/www.facebook.com\/?ref=logo\"><\/a><\/h1>\n<div>\n<div>\n<div>\n<div>\n<div><a href=\"http:\/\/www.facebook.com\/notifications.php\"><\/a><\/div>\n<\/div>\n<\/div>\n<\/div>\n<\/div>\n<\/div>\n<div>\n<div>\n<div>\n<div>\n<div>\u00a0<\/p>\n<div>\n<div>\n<div>\n<div>\n<div>\n<div>\n<h4>\n<div>\n<div>\n<div><img loading=\"lazy\" decoding=\"async\" src=\"http:\/\/lalibertadylaley.files.wordpress.com\/2008\/07\/maltrato.jpg\" alt=\"\" width=\"258\" height=\"311\" \/><a rel=\"dialog\" href=\"http:\/\/www.facebook.com\/editnote.php?draft&amp;note_id=74144049623&amp;id=1471557103\"><\/a><\/div>\n<\/div>\n<\/div>\n<\/h4>\n<\/div>\n<\/div>\n<\/div>\n<\/div>\n<\/div>\n<\/div>\n<\/div>\n<\/div>\n<\/div>\n<div>\n<div>\n<div>\n<div>\n<div>\n<div>\n<div>\n<div>\n<div><strong>Maltracte a les dones i not\u00edcies<\/strong><\/div>\n<\/div>\n<\/div>\n<\/div>\n<\/div>\n<\/div>\n<\/div>\n<\/div>\n<div>\n<div>\n<div>\n<div>En estos dies que, per culpa dels queixals de l&#8217;enteniment, he tingut que estar en casa, he vist m\u00e9s tele (sobretot pel mat\u00ed) que mai. I d&#8217;entre els programes aquests d&#8217;entreteniment com Espejo p\u00fablico i d&#8217;altres, i amb les noticies, m&#8217;he quedat &#8220;a quadres&#8221;.<br \/>\nEn quasi tots aquests programes i com no, en les not\u00edcies, tots els dies apareixien casos de dones maltractades per les seues parelles sentimentals. Si el fet en s\u00ed ja \u00e9s inexplicable, en una societat on en teor\u00eda tothom ( i tota dona) t\u00e9 llibertat per a poder elegir amb qui es gita, i tamb\u00e9 t\u00e9 lliberat per a dir ja no ha prou!, no entenc lo dels maltractes a les dones. Tan costa acceptar que Pepa, Dolors o Vanessa ja no et volen (possiblement perqu\u00e8 sigues un fill de puta egoista) i que no volen saber res de t\u00fa? Est\u00e0 clar que a tothom li afecta una separaci\u00f3 sentimental, per\u00f2 d&#8217;ah\u00ed a pegar-li 36 gavinetades a la teua parella crec que va un abisme.<br \/>\nPer\u00f2 el que m\u00e9s m&#8217;impressiona, molts d&#8217;aquests maltractes no est\u00e0n protagonitzats per parelles de gent major, que porten 20 o 30 anys casats i un dia al uelo Pere se l&#8217;in va la pin\u00e7a i es carga la dona amb una escopeta. Molts assassinats est\u00e1n protagonitzats per gent relativament jove (30-40 anys i menys), gent en teor\u00eda millor educada que els nostres majors, pero que no poden acceptar que la &#8220;seua&#8221; parella s&#8217;en vaja amb un altre i els deixe plantats.<br \/>\nI a m\u00e9s d&#8217;aix\u00f2, el tracte que d\u00f3nen els mitjans de comunicaci\u00f3 \u00e9s aberrant. No \u00e9s limiten a informar sobre aquest o aquell assassinat, sino que entren en detalls que riu-te tu del CSI. &#8221; Dona assassinada per la seua parella sentimental en el carrer tal del poble o ciutat tal&#8221;. Eixe \u00e9s el titular, per\u00f2 despr\u00e9s ve lo de que &#8221; la va perseguir pel menjador, i una volta en la cu\u00efna li va fotre 36 gavinetades, una li va arribar al cor i l&#8217;altra al pulm\u00f3&#8221;. I la meua pregunta \u00e9s: Fa falta tant de detall? \u00c9s informaci\u00f3 o ens est\u00e1n venent un fet tr\u00e0gic amb una morbositat i crueltat pitjor que la prensa del cor? Creuen que aix\u00ed la gent es sensibilitzar\u00e0 m\u00e9s?, o pel contrari, al veure-ho tots el dies la gent, incoscientment pensa &#8221; mira una altra m\u00e9s, pobreta&#8221;.<br \/>\nCrec que els mitjans de comunicaci\u00f3 haurien d&#8217;anar m\u00e9s en compte amb aquest temes, no dic jo que no informen, per\u00f2 no cal que ens facen una aut\u00f2psia de cada cas. Perque crec que a base de bombardejar-nos amb aquest tipus de not\u00edcies, el que aconseguixen (sobretot per a la gent que no t\u00e9 dos dits de front) \u00e9s que es veja com algo &#8220;normal&#8221; i que pense &#8220;si la meua J\u00falia me la fa, li pegue un tir&#8221;. I sobretot per a la gent jove, que es creu que el que passa en la tele &#8220;no \u00e9s real, i a ells mai els passar\u00e1&#8221;.<br \/>\n\u00c9s el mateix que les agressions que pateixen molts joves i que despr\u00e9s les gravaben pels m\u00f2bils. Va ser ixir la not\u00edcia esta i ale, ara a la m\u00ednima gr\u00e0cia o burla que es fa en classe o en el pati, sempre hi ha alg\u00fan subnormal amb el m\u00f2bil per a gravar-ho.<br \/>\nEl mateix va passar amb les den\u00fancies pel maltractes, que copiant a certs famosos, moldes dones den\u00fancien sense haver sigut maltractades. ( recordeu la Carmina Ord\u00f3\u00f1ez, la Ana Obreg\u00f3n i tota la morralla esta).<br \/>\nPer tant, informaci\u00f3 s\u00ed, pero no informaci\u00f3 barrejada amb dades morboses.<\/div>\n<\/div>\n<\/div>\n<\/div>\n<\/div>\n<\/div>\n<\/div>\n","protected":false},"excerpt":{"rendered":"<p>\u00a0 Maltracte a les dones i not\u00edcies En estos dies que, per culpa dels queixals de l&#8217;enteniment, he tingut que estar en casa, he vist m\u00e9s tele (sobretot pel mat\u00ed) que mai. I d&#8217;entre els programes aquests d&#8217;entreteniment com Espejo p\u00fablico i d&#8217;altres, i amb les noticies, m&#8217;he quedat &#8220;a quadres&#8221;. En quasi tots aquests [&hellip;]<\/p>\n","protected":false},"author":6,"featured_media":0,"parent":0,"menu_order":0,"comment_status":"open","ping_status":"open","template":"","meta":{"footnotes":""},"_links":{"self":[{"href":"https:\/\/blogs.infobenissa.com\/carlosfont\/wp-json\/wp\/v2\/pages\/10"}],"collection":[{"href":"https:\/\/blogs.infobenissa.com\/carlosfont\/wp-json\/wp\/v2\/pages"}],"about":[{"href":"https:\/\/blogs.infobenissa.com\/carlosfont\/wp-json\/wp\/v2\/types\/page"}],"author":[{"embeddable":true,"href":"https:\/\/blogs.infobenissa.com\/carlosfont\/wp-json\/wp\/v2\/users\/6"}],"replies":[{"embeddable":true,"href":"https:\/\/blogs.infobenissa.com\/carlosfont\/wp-json\/wp\/v2\/comments?post=10"}],"version-history":[{"count":1,"href":"https:\/\/blogs.infobenissa.com\/carlosfont\/wp-json\/wp\/v2\/pages\/10\/revisions"}],"predecessor-version":[{"id":12,"href":"https:\/\/blogs.infobenissa.com\/carlosfont\/wp-json\/wp\/v2\/pages\/10\/revisions\/12"}],"wp:attachment":[{"href":"https:\/\/blogs.infobenissa.com\/carlosfont\/wp-json\/wp\/v2\/media?parent=10"}],"curies":[{"name":"wp","href":"https:\/\/api.w.org\/{rel}","templated":true}]}}