{"id":2,"date":"2011-03-28T17:58:18","date_gmt":"2011-03-28T17:58:18","guid":{"rendered":"https:\/\/blogs.infobenissa.com\/carlosfont\/?page_id=2"},"modified":"2011-03-28T17:58:18","modified_gmt":"2011-03-28T17:58:18","slug":"pagina-exemple","status":"publish","type":"page","link":"https:\/\/blogs.infobenissa.com\/carlosfont\/pagina-exemple\/","title":{"rendered":"P\u00e0gina d&#8217;exemple"},"content":{"rendered":"<p>Aquest \u00e9s un exemple de p\u00e0gina. \u00c9s diferent a una entrada perqu\u00e8 romandr\u00e0 en un lloc i es mostrar\u00e0 en la navegaci\u00f3 del lloc web (en la majoria de temes). Molta gent comen\u00e7a amb una p\u00e0gina &#8220;Quant a&#8221; que els presenta als visitants potencials del lloc web. Es podria dir quelcom aix\u00ed: <\/p>\n<blockquote><p>Hola a tothom! Treballo de missatger de dia, s\u00f3c aspirant a actor de nit, i aquest \u00e9s el meu bloc. Visc a Barcelona, tinc un gosa meravellosa que es diu Lluna, i m&#8217;agraden les cal\u00e7otades. (I quedar atrapat per la pluja.)<\/p><\/blockquote>\n<p>&#8230; o quelcom aix\u00ed:<\/p>\n<blockquote><p>La Companyia d&#8217;Adobs XYZ es va fundar el 1971, i ha estat proporcionant adobs de qualitat des de llavors. Situada en Gotham City, XYZ d\u00f3na feina a m\u00e9s de 2,000 persones i fa tot tipus de meravelloses tasques per a la comunitat de Gotham.<\/p><\/blockquote>\n<p>Com a usuari nou del WordPress, heu d&#8217;anar al <a href=\"https:\/\/blogs.infobenissa.com\/carlosfont\/wp-admin\/\">tauler<\/a> a esborrar aquesta p\u00e0gina i crear p\u00e0gines noves amb el vostre contingut. Que es diverteixin!<\/p>\n","protected":false},"excerpt":{"rendered":"<p>Aquest \u00e9s un exemple de p\u00e0gina. \u00c9s diferent a una entrada perqu\u00e8 romandr\u00e0 en un lloc i es mostrar\u00e0 en la navegaci\u00f3 del lloc web (en la majoria de temes). Molta gent comen\u00e7a amb una p\u00e0gina &#8220;Quant a&#8221; que els presenta als visitants potencials del lloc web. Es podria dir quelcom aix\u00ed: Hola a tothom! [&hellip;]<\/p>\n","protected":false},"author":6,"featured_media":0,"parent":0,"menu_order":0,"comment_status":"open","ping_status":"open","template":"","meta":{"footnotes":""},"_links":{"self":[{"href":"https:\/\/blogs.infobenissa.com\/carlosfont\/wp-json\/wp\/v2\/pages\/2"}],"collection":[{"href":"https:\/\/blogs.infobenissa.com\/carlosfont\/wp-json\/wp\/v2\/pages"}],"about":[{"href":"https:\/\/blogs.infobenissa.com\/carlosfont\/wp-json\/wp\/v2\/types\/page"}],"author":[{"embeddable":true,"href":"https:\/\/blogs.infobenissa.com\/carlosfont\/wp-json\/wp\/v2\/users\/6"}],"replies":[{"embeddable":true,"href":"https:\/\/blogs.infobenissa.com\/carlosfont\/wp-json\/wp\/v2\/comments?post=2"}],"version-history":[{"count":0,"href":"https:\/\/blogs.infobenissa.com\/carlosfont\/wp-json\/wp\/v2\/pages\/2\/revisions"}],"wp:attachment":[{"href":"https:\/\/blogs.infobenissa.com\/carlosfont\/wp-json\/wp\/v2\/media?parent=2"}],"curies":[{"name":"wp","href":"https:\/\/api.w.org\/{rel}","templated":true}]}}