{"id":6,"date":"2011-03-29T11:43:28","date_gmt":"2011-03-29T09:43:28","guid":{"rendered":"https:\/\/blogs.infobenissa.com\/carlosfont\/?page_id=6"},"modified":"2011-03-29T11:47:27","modified_gmt":"2011-03-29T09:47:27","slug":"hui-no","status":"publish","type":"page","link":"https:\/\/blogs.infobenissa.com\/carlosfont\/hui-no\/","title":{"rendered":"HUI NO"},"content":{"rendered":"<div class=\"clearfix\">\n<div class=\"lfloat\">\n<form action=\"http:\/\/www.facebook.com\/search\/\" enctype=\"application\/x-www-form-urlencoded\" method=\"get\">\n<div class=\"uiTypeahead   \">\n<div class=\"wrap\">\n<div class=\"innerWrap\"><span class=\"uiSearchInput textInput\"><span><button><span class=\"hidden_elem\">Buscar<\/span><\/button><\/span><\/span><\/div>\n<\/div>\n<div class=\"uiTypeaheadView   hidden_elem\">\u00a0<\/div>\n<p>HUI NO<\/p><\/div>\n<\/form>\n<\/div>\n<\/div>\n<div>\n<div>\n<div class=\"mbl notesBlogText clearfix\">\n<div>Hui no \u00e9s un bon dia per a parlar amb m\u00ed. Tampoc \u00e9s un bon dia per a que em toques. B\u00e0sicament hui no \u00e9s dia per a res. Bueno, i per qu\u00e8 eixa mala llet? Per qu\u00e8?, si hui \u00e9s un dia com un altre? Ha eixit el sol, visc en una zona privilegiada en quant al clima i els xiquets i xiquetes de l&#8217;insti, portats per eixe sol que ens anuncia la primavera, comencen a fer-se arrumacos.<br \/>\nHui no \u00e9s un bon dia perque estic cabrejat. Per\u00f2 tinc motius, que de vegades m&#8217;entra mala h\u00f2stia sense motiu aparent, pero hui tinc motius. I vos pot semblar simple, pero la culpa la t\u00e9nen dos v\u00eddeos de youtube que m&#8217;han enviat. Un sobre la crisi, l&#8217;altre sobre les ajudes de la uni\u00f3 europea als llauradors, conegut com la PAC (pol\u00edtica agr\u00e0ria comuna).<br \/>\nEl tema de la crisi, bueno, supose que tots ja sabeu que \u00e9s molt fort, que quan els bancs guanyen diners no volen saber res de l&#8217;Estat, ara aix\u00f2 si, quan les coses van mal, que vinga pap\u00e0 Estat (\u00e9s a dir, els diners dels espanyols i espanyoles) a salvar-los el cul. Com deia un economista, estaria b\u00e9 que a m\u00e9s de socialitzar les p\u00e8rdues, tamb\u00e9 socialitzarem els beneficis no?. \u00c9s a dir, jo estic d&#8217;acord que en els meus impostos es salven els bancs, per\u00f2 tamb\u00e9 estar\u00eda b\u00e9 que quant eixos mateixos bancs tingueren beneficis, m&#8217;ingressaren 20-30 o 50 euros m\u00e9s en la n\u00f3mina no? No seria lo just?.<br \/>\nPero el meu cabreig no es tan sols per aix\u00f2, v\u00e9 perque et sents impotent quan xiquets de 12-13 anys, que no saben que hi ha un tal Madoff ni molt menys qui s\u00f3n Lehman Brothers, et pregunten: &#8220;Profe, i la crisi quan s&#8217;acabar\u00e0?&#8221; I tu els dius que no patixquen que en el 2010 ixirem, que no demanen molts diners als seus pares i que estiguen tranquils. Per\u00f2 la veritat \u00e9s un altra, la veritat \u00e9s que jo, ni el millor economista de Harvard t\u00e9 puta idea de res, ning\u00fa sap res, si fan falta tants diners o m\u00e9s, si ixirem en el 2011 o 2012, \u00e9s a dir, res. I et fa pensar&#8230;&#8230; tal volta mai sa sabut res, i viviem en un m\u00f3n artificial subjectat amb pinces que ara s&#8217;acaben de trencar&#8230;..<br \/>\nPer altra banda, el v\u00eddeo de la PAC i les ajudes agr\u00edcoles ( Hi han tres v\u00eddeos, vegeu youtube-PAC-l\u00ednea 900) reflexa com la Uni\u00f3 Europea (una altra volta els ciutadans de a peu) est\u00e0n donant subvencions (em referisc a milions d&#8217;euros) a gent com la fam\u00edlia Alba, els Medina-Sidonia o a la companyia Ebro-Puleva, gent que com sabeu, no t\u00e9 ni un duro, i en canvi als camperols de tota la vida se&#8217;ls nega un tros de terra per poder cultivar. I una altra volta et posses a pensar&#8230;. realment el m\u00f3n ha canviat? \u00c9s a dir, en pl\u00e9 segle XXI com pot ser que passe aix\u00f2? No estem igual que en l&#8217;Edat mitjana, on quatre senyorets i reis tenien el poder i els altres a creure i a obe\u00efr? Per a qu\u00e9 la Revoluci\u00f3 Francesa, la Revoluci\u00f3 Sovi\u00e8tica,la democr\u00e0cia, les dos Guerres Mundials, la Globalitzaci\u00f3, les eleccions cada quatre anys? Per a qu\u00e9? Ha valgut la pena tant d&#8217;esfor\u00e7 i tanta mort in\u00fatil o tot ha sigut en de bades?<\/div>\n<\/div>\n<\/div>\n<\/div>\n","protected":false},"excerpt":{"rendered":"<p>Buscar \u00a0 HUI NO Hui no \u00e9s un bon dia per a parlar amb m\u00ed. Tampoc \u00e9s un bon dia per a que em toques. B\u00e0sicament hui no \u00e9s dia per a res. Bueno, i per qu\u00e8 eixa mala llet? Per qu\u00e8?, si hui \u00e9s un dia com un altre? Ha eixit el sol, visc [&hellip;]<\/p>\n","protected":false},"author":6,"featured_media":0,"parent":0,"menu_order":0,"comment_status":"open","ping_status":"open","template":"","meta":{"footnotes":""},"_links":{"self":[{"href":"https:\/\/blogs.infobenissa.com\/carlosfont\/wp-json\/wp\/v2\/pages\/6"}],"collection":[{"href":"https:\/\/blogs.infobenissa.com\/carlosfont\/wp-json\/wp\/v2\/pages"}],"about":[{"href":"https:\/\/blogs.infobenissa.com\/carlosfont\/wp-json\/wp\/v2\/types\/page"}],"author":[{"embeddable":true,"href":"https:\/\/blogs.infobenissa.com\/carlosfont\/wp-json\/wp\/v2\/users\/6"}],"replies":[{"embeddable":true,"href":"https:\/\/blogs.infobenissa.com\/carlosfont\/wp-json\/wp\/v2\/comments?post=6"}],"version-history":[{"count":3,"href":"https:\/\/blogs.infobenissa.com\/carlosfont\/wp-json\/wp\/v2\/pages\/6\/revisions"}],"predecessor-version":[{"id":8,"href":"https:\/\/blogs.infobenissa.com\/carlosfont\/wp-json\/wp\/v2\/pages\/6\/revisions\/8"}],"wp:attachment":[{"href":"https:\/\/blogs.infobenissa.com\/carlosfont\/wp-json\/wp\/v2\/media?parent=6"}],"curies":[{"name":"wp","href":"https:\/\/api.w.org\/{rel}","templated":true}]}}